{"id":65,"date":"2022-11-08T09:22:55","date_gmt":"2022-11-08T08:22:55","guid":{"rendered":"http:\/\/zso1.home.pl\/autoinstalator\/wordpress3\/?page_id=65"},"modified":"2025-03-24T10:10:44","modified_gmt":"2025-03-24T09:10:44","slug":"dostepnosc","status":"publish","type":"page","link":"https:\/\/zso1.home.pl\/autoinstalator\/wordpress3\/index.php\/dostepnosc\/","title":{"rendered":"Dost\u0119pno\u015b\u0107"},"content":{"rendered":"\n<p><strong><a href=\"https:\/\/zso1.home.pl\/autoinstalator\/wordpress3\/wp-content\/uploads\/2025\/03\/Raport-o-stanie-zapewnienia-dostepnosci-podmiotu-publicznego-01.01.2025-V-LO.pdf\">Raport o stanie zapewniania dost\u0119pno\u015bci podmiotu publicznego ZSO nr 1 wMielcu <\/a><\/strong><strong>(marzec 2025)<\/strong><\/p>\n\n\n\n<p><strong><a href=\"https:\/\/zso1.home.pl\/autoinstalator\/wordpress3\/wp-content\/uploads\/2024\/04\/Deklaracja-dostepnosci-ZSO1-w-Mielcu-2023-na-2024.pdf\">Deklaracja dost\u0119pno\u015bci ZSO nr 1 w Mielcu<\/a> (marzec 2024)<\/strong><\/p>\n\n\n\n<p><strong><a href=\"http:\/\/zso1.home.pl\/autoinstalator\/wordpress1\/wp-content\/uploads\/2021\/03\/Deklaracja-dost%C4%99pno%C5%9Bci-ZSO1-w-Mielcu-2023.pdf\">Deklaracja dost\u0119pno\u015bci ZSO nr 1 w Mielcu<\/a>&nbsp;(marzec 2023)<\/strong><\/p>\n\n\n\n<p><strong><a href=\"http:\/\/zso1.home.pl\/autoinstalator\/wordpress1\/wp-content\/uploads\/2016\/12\/Informacja-o-dost%C4%99pno%C5%9Bci-ZSO1-w-Mielcu-dla-os%C3%B3b-niepe%C5%82nosprawnych-z-psem-asystuj%C4%85cym.pdf\">Informacja o dost\u0119pno\u015bci ZSO1 w Mielcu dla os\u00f3b niepe\u0142nosprawnych z psem asystuj\u0105cym<\/a><\/strong><\/p>\n\n\n\n<p><strong><a href=\"http:\/\/zso1.home.pl\/autoinstalator\/wordpress1\/wp-content\/uploads\/2021\/03\/Raport-GUS-stanie-zapewniania-dost%C4%99pno%C5%9Bci-ZSO-nr-1-w-Mielcu.pdf\">Raport GUS o stanie zapewniania dost\u0119pno\u015bci ZSO nr 1 w Mielcu<\/a><\/strong><\/p>\n\n\n\n<p><\/p>\n","protected":false},"excerpt":{"rendered":"<p>Raport o stanie zapewniania dost\u0119pno\u015bci podmiotu publicznego ZSO nr 1 wMielcu (marzec 2025) Deklaracja dost\u0119pno\u015bci ZSO nr 1 w Mielcu (marzec 2024) Deklaracja dost\u0119pno\u015bci ZSO nr 1 w Mielcu&nbsp;(marzec 2023) Informacja o dost\u0119pno\u015bci ZSO1 w Mielcu dla os\u00f3b niepe\u0142nosprawnych z psem asystuj\u0105cym Raport GUS o stanie zapewniania dost\u0119pno\u015bci ZSO nr 1 w Mielcu<\/p>\n","protected":false},"author":1,"featured_media":0,"parent":0,"menu_order":0,"comment_status":"closed","ping_status":"closed","template":"","meta":[],"_links":{"self":[{"href":"https:\/\/zso1.home.pl\/autoinstalator\/wordpress3\/index.php\/wp-json\/wp\/v2\/pages\/65"}],"collection":[{"href":"https:\/\/zso1.home.pl\/autoinstalator\/wordpress3\/index.php\/wp-json\/wp\/v2\/pages"}],"about":[{"href":"https:\/\/zso1.home.pl\/autoinstalator\/wordpress3\/index.php\/wp-json\/wp\/v2\/types\/page"}],"author":[{"embeddable":true,"href":"https:\/\/zso1.home.pl\/autoinstalator\/wordpress3\/index.php\/wp-json\/wp\/v2\/users\/1"}],"replies":[{"embeddable":true,"href":"https:\/\/zso1.home.pl\/autoinstalator\/wordpress3\/index.php\/wp-json\/wp\/v2\/comments?post=65"}],"version-history":[{"count":8,"href":"https:\/\/zso1.home.pl\/autoinstalator\/wordpress3\/index.php\/wp-json\/wp\/v2\/pages\/65\/revisions"}],"predecessor-version":[{"id":1574,"href":"https:\/\/zso1.home.pl\/autoinstalator\/wordpress3\/index.php\/wp-json\/wp\/v2\/pages\/65\/revisions\/1574"}],"wp:attachment":[{"href":"https:\/\/zso1.home.pl\/autoinstalator\/wordpress3\/index.php\/wp-json\/wp\/v2\/media?parent=65"}],"curies":[{"name":"wp","href":"https:\/\/api.w.org\/{rel}","templated":true}]}}