{"id":584,"date":"2023-09-12T10:57:23","date_gmt":"2023-09-12T08:57:23","guid":{"rendered":"https:\/\/zso1.home.pl\/autoinstalator\/wordpress3\/?page_id=584"},"modified":"2025-09-14T21:45:37","modified_gmt":"2025-09-14T19:45:37","slug":"ubezpieczenie","status":"publish","type":"page","link":"https:\/\/zso1.home.pl\/autoinstalator\/wordpress3\/index.php\/ubezpieczenie\/","title":{"rendered":"Ubezpieczenie"},"content":{"rendered":"\n<p><strong>Informacja o ubezpieczeniu w roku szkolnym 2025\/2026<\/strong><\/p>\n\n\n\n<p><a href=\"https:\/\/zso1.home.pl\/autoinstalator\/wordpress3\/wp-content\/uploads\/2025\/09\/Ogolne_warunki_ubezpieczenia_NNW_PZU_Edukacja.pdf\">Ogolne_warunki_ubezpieczenia_NNW_PZU_Edukacja<\/a><\/p>\n\n\n\n<p><a href=\"https:\/\/zso1.home.pl\/autoinstalator\/wordpress3\/wp-content\/uploads\/2025\/09\/Postanowienia_dodatkowe_PZU_Edukacja_UBEstrefa_2025_NNW.pdf\">Postanowienia_dodatkowe_PZU_Edukacja_UBEstrefa_2025_NNW<\/a><\/p>\n\n\n\n<p><a href=\"https:\/\/zso1.home.pl\/autoinstalator\/wordpress3\/wp-content\/uploads\/2025\/09\/Propozycja-NNW-Edukacja-skladka-45-zl.pdf\">Propozycja NNW Edukacja- sk\u0142adka 45 z\u0142<\/a><\/p>\n\n\n\n<p><a href=\"https:\/\/zso1.home.pl\/autoinstalator\/wordpress3\/wp-content\/uploads\/2025\/09\/Propozycja-NNW-Edukacja-skladka-55-zl.pdf\">Propozycja NNW Edukacja- sk\u0142adka 55 z\u0142<\/a><\/p>\n\n\n\n<p><a href=\"https:\/\/zso1.home.pl\/autoinstalator\/wordpress3\/wp-content\/uploads\/2025\/09\/Propozycja-NNW-Edukacja-skladka-70-zl.pdf\">Propozycja NNW Edukacja- sk\u0142adka 70 z\u0142<\/a><\/p>\n\n\n\n<p><a href=\"https:\/\/zso1.home.pl\/autoinstalator\/wordpress3\/wp-content\/uploads\/2025\/09\/instrukcja-jak-wykupic-polise.pdf\">Instrukcja jak wykupi\u0107 polis\u0119<\/a><\/p>\n\n\n\n<p>_______________________________________________________________________________________________________________<\/p>\n\n\n\n<p><\/p>\n","protected":false},"excerpt":{"rendered":"<p>Informacja o ubezpieczeniu w roku szkolnym 2025\/2026 Ogolne_warunki_ubezpieczenia_NNW_PZU_Edukacja Postanowienia_dodatkowe_PZU_Edukacja_UBEstrefa_2025_NNW Propozycja NNW Edukacja- sk\u0142adka 45 z\u0142 Propozycja NNW Edukacja- sk\u0142adka 55 z\u0142 Propozycja NNW Edukacja- sk\u0142adka 70 z\u0142 Instrukcja jak wykupi\u0107 polis\u0119 _______________________________________________________________________________________________________________<\/p>\n","protected":false},"author":1,"featured_media":0,"parent":0,"menu_order":0,"comment_status":"closed","ping_status":"closed","template":"","meta":[],"_links":{"self":[{"href":"https:\/\/zso1.home.pl\/autoinstalator\/wordpress3\/index.php\/wp-json\/wp\/v2\/pages\/584"}],"collection":[{"href":"https:\/\/zso1.home.pl\/autoinstalator\/wordpress3\/index.php\/wp-json\/wp\/v2\/pages"}],"about":[{"href":"https:\/\/zso1.home.pl\/autoinstalator\/wordpress3\/index.php\/wp-json\/wp\/v2\/types\/page"}],"author":[{"embeddable":true,"href":"https:\/\/zso1.home.pl\/autoinstalator\/wordpress3\/index.php\/wp-json\/wp\/v2\/users\/1"}],"replies":[{"embeddable":true,"href":"https:\/\/zso1.home.pl\/autoinstalator\/wordpress3\/index.php\/wp-json\/wp\/v2\/comments?post=584"}],"version-history":[{"count":5,"href":"https:\/\/zso1.home.pl\/autoinstalator\/wordpress3\/index.php\/wp-json\/wp\/v2\/pages\/584\/revisions"}],"predecessor-version":[{"id":1793,"href":"https:\/\/zso1.home.pl\/autoinstalator\/wordpress3\/index.php\/wp-json\/wp\/v2\/pages\/584\/revisions\/1793"}],"wp:attachment":[{"href":"https:\/\/zso1.home.pl\/autoinstalator\/wordpress3\/index.php\/wp-json\/wp\/v2\/media?parent=584"}],"curies":[{"name":"wp","href":"https:\/\/api.w.org\/{rel}","templated":true}]}}