{"id":51,"date":"2022-11-08T09:22:55","date_gmt":"2022-11-08T08:22:55","guid":{"rendered":"http:\/\/zso1.home.pl\/autoinstalator\/wordpress3\/?page_id=51"},"modified":"2022-11-21T10:31:06","modified_gmt":"2022-11-21T09:31:06","slug":"kontakt","status":"publish","type":"page","link":"https:\/\/zso1.home.pl\/autoinstalator\/wordpress3\/index.php\/kontakt\/","title":{"rendered":"Kontakt"},"content":{"rendered":"\n<h3 class=\"wp-block-heading\">Nasz adres:<\/h3>\n\n\n\n<p>V Liceum Og\u00f3lnokszta\u0142c\u0105ce w Zespole Szk\u00f3\u0142 Og\u00f3lnokszta\u0142c\u0105cych nr 1 w Mielcu<br>ul.Ta\u0144skiego 3<br>39-300 Mielec<\/p>\n\n\n\n<p>tel: 17 787 53 50<br>lub<br>tel: 17 787 53 51<br>e-mail: zso1@zso1.mielec.pl<br>www.vlo.zso1.mielec.pl<\/p>\n","protected":false},"excerpt":{"rendered":"<p>Nasz adres: V Liceum Og\u00f3lnokszta\u0142c\u0105ce w Zespole Szk\u00f3\u0142 Og\u00f3lnokszta\u0142c\u0105cych nr 1 w Mielcuul.Ta\u0144skiego 339-300 Mielec tel: 17 787 53 50lubtel: 17 787 53 51e-mail: zso1@zso1.mielec.plwww.vlo.zso1.mielec.pl<\/p>\n","protected":false},"author":1,"featured_media":0,"parent":0,"menu_order":0,"comment_status":"closed","ping_status":"closed","template":"","meta":[],"_links":{"self":[{"href":"https:\/\/zso1.home.pl\/autoinstalator\/wordpress3\/index.php\/wp-json\/wp\/v2\/pages\/51"}],"collection":[{"href":"https:\/\/zso1.home.pl\/autoinstalator\/wordpress3\/index.php\/wp-json\/wp\/v2\/pages"}],"about":[{"href":"https:\/\/zso1.home.pl\/autoinstalator\/wordpress3\/index.php\/wp-json\/wp\/v2\/types\/page"}],"author":[{"embeddable":true,"href":"https:\/\/zso1.home.pl\/autoinstalator\/wordpress3\/index.php\/wp-json\/wp\/v2\/users\/1"}],"replies":[{"embeddable":true,"href":"https:\/\/zso1.home.pl\/autoinstalator\/wordpress3\/index.php\/wp-json\/wp\/v2\/comments?post=51"}],"version-history":[{"count":5,"href":"https:\/\/zso1.home.pl\/autoinstalator\/wordpress3\/index.php\/wp-json\/wp\/v2\/pages\/51\/revisions"}],"predecessor-version":[{"id":198,"href":"https:\/\/zso1.home.pl\/autoinstalator\/wordpress3\/index.php\/wp-json\/wp\/v2\/pages\/51\/revisions\/198"}],"wp:attachment":[{"href":"https:\/\/zso1.home.pl\/autoinstalator\/wordpress3\/index.php\/wp-json\/wp\/v2\/media?parent=51"}],"curies":[{"name":"wp","href":"https:\/\/api.w.org\/{rel}","templated":true}]}}