{"id":434,"date":"2023-04-24T08:33:46","date_gmt":"2023-04-24T06:33:46","guid":{"rendered":"http:\/\/zso1.home.pl\/autoinstalator\/wordpress3\/?page_id=434"},"modified":"2023-11-15T21:00:59","modified_gmt":"2023-11-15T20:00:59","slug":"nauczyciele","status":"publish","type":"page","link":"https:\/\/zso1.home.pl\/autoinstalator\/wordpress3\/index.php\/nauczyciele\/","title":{"rendered":"Nauczyciele"},"content":{"rendered":"\n<figure class=\"wp-block-table\"><table><tbody><tr><td><\/td><td>Wac\u0142aw Barszcz &#8211; wf<\/td><\/tr><tr><td><\/td><td>Maciej Chlebowski &#8211; geografia, przedsi\u0119biorczo\u015b\u0107<\/td><\/tr><tr><td><\/td><td>Wies\u0142awa Cyran &#8211; biblioteka<\/td><\/tr><tr><td><\/td><td>Agnieszka Czepi\u017cak &#8211; j.angielski<\/td><\/tr><tr><td><\/td><td>Pawe\u0142 \u0106wi\u0119ka &#8211; historia , WOS<\/td><\/tr><tr><td><\/td><td>Piotr Dobrowolski &#8211; historia<\/td><\/tr><tr><td><\/td><td>Wies\u0142aw Dziewit &#8211; j.polski<\/td><\/tr><tr><td><\/td><td>Aneta Dziubi\u0144ska &#8211; j.angielski<\/td><\/tr><tr><td><\/td><td>Aneta Filas &#8211; zaj\u0119cia artystyczne<\/td><\/tr><tr><td><\/td><td>Agnieszka Gardulska &#8211; j.hiszpa\u0144ski, j.francuski<\/td><\/tr><tr><td><\/td><td>Ma\u0142gorzata G\u00f3rska &#8211; j.angielski<\/td><\/tr><tr><td><\/td><td>Marta Horeczy &#8211; j.niemiecki<\/td><\/tr><tr><td><\/td><td>Barbara Iwanicz &#8211; j.angielski<\/td><\/tr><tr><td><\/td><td>Katarzyna Juras &#8211; psycholog<\/td><\/tr><tr><td><\/td><td>Edward Kocia\u0144ski &#8211; plastyka<\/td><\/tr><tr><td><\/td><td>Anna Korycka-Lutak &#8211; wf<\/td><\/tr><tr><td><\/td><td>Maciej Koszty\u0142a &#8211; muzyka, zaj\u0119cia artystyczne<\/td><\/tr><tr><td><\/td><td>Iwona Litwi\u0144ska-Robak &#8211; fizyka<\/td><\/tr><tr><td><\/td><td>Anna Majewska &#8211; matematyka<\/td><\/tr><tr><td><\/td><td>El\u017cbieta Mysi\u0144ska &#8211; j.hiszpa\u0144ski<\/td><\/tr><tr><td><\/td><td>Monika Obara &#8211; nauczyciel asystent<\/td><\/tr><tr><td><\/td><td>Krzysztof Olszak &#8211; religia<\/td><\/tr><tr><td><\/td><td>Jolanta Ortyl &#8211; nauczyciel asystent<\/td><\/tr><tr><td><\/td><td>Joanna P\u0119cak &#8211; pedagog<\/td><\/tr><tr><td><\/td><td>Henryk Pietrzak &#8211; biologia<\/td><\/tr><tr><td><\/td><td>Anna Pi\u0119ko\u015b &#8211; geografia<\/td><\/tr><tr><td><\/td><td>Lucyna Przyby\u0142o &#8211; j.angielski<\/td><\/tr><tr><td><\/td><td>Wioletta Pszeniczna &#8211; matematyka<\/td><\/tr><tr><td><\/td><td>Izabela Rutkowska &#8211; EdB, wf<\/td><\/tr><tr><td><\/td><td>\u0141ukasz Rybak &#8211; wf<\/td><\/tr><tr><td><\/td><td>Kamil Siwierski &#8211; historia<\/td><\/tr><tr><td><\/td><td>Lidia S\u0142owik &#8211; wspomaganie nauczania<\/td><\/tr><tr><td><\/td><td>Agnieszka Stra\u017c &#8211; j.polski<\/td><\/tr><tr><td><\/td><td>Krystyna Sumiec &#8211; matematyka<\/td><\/tr><tr><td><\/td><td>Zygmunt Sumiec &#8211; informatyka<\/td><\/tr><tr><td><\/td><td>Dorota Szyma\u0144ska-Bar &#8211; wf<\/td><\/tr><tr><td><\/td><td>Dorota \u015awist &#8211; j.polski<\/td><\/tr><tr><td><\/td><td>Paulina Tarnowska-Le\u015b &#8211; j.w\u0142oski<\/td><\/tr><tr><td><\/td><td>S\u0142awomir Wa\u0142ek &#8211; wf<\/td><\/tr><tr><td><\/td><td>Jolanta Wieczerzak &#8211; biologia<\/td><\/tr><tr><td><\/td><td>Jolanta Witek &#8211; religia<\/td><\/tr><tr><td><\/td><td>Angelika Wolan &#8211; chemia<\/td><\/tr><tr><td><\/td><td>Agnieszka Zaj\u0105czkowska &#8211; biblioteka<\/td><\/tr><tr><td><\/td><td>Karol Zarzyczny &#8211; j.angielski<\/td><\/tr><tr><td><\/td><td>Anna \u017bar\u00f3w &#8211; j.polski<\/td><\/tr><\/tbody><\/table><\/figure>\n","protected":false},"excerpt":{"rendered":"<p>Wac\u0142aw Barszcz &#8211; wf Maciej Chlebowski &#8211; geografia, przedsi\u0119biorczo\u015b\u0107 Wies\u0142awa Cyran &#8211; biblioteka Agnieszka Czepi\u017cak &#8211; j.angielski Pawe\u0142 \u0106wi\u0119ka &#8211; historia , WOS Piotr Dobrowolski &#8211; historia Wies\u0142aw Dziewit &#8211; j.polski Aneta Dziubi\u0144ska &#8211; j.angielski Aneta Filas &#8211; zaj\u0119cia artystyczne Agnieszka Gardulska &#8211; j.hiszpa\u0144ski, j.francuski Ma\u0142gorzata G\u00f3rska &#8211; j.angielski Marta Horeczy &#8211; j.niemiecki Barbara Iwanicz&hellip; <br \/> <a class=\"read-more\" href=\"https:\/\/zso1.home.pl\/autoinstalator\/wordpress3\/index.php\/nauczyciele\/\">Czytaj dalej<\/a><\/p>\n","protected":false},"author":1,"featured_media":0,"parent":0,"menu_order":0,"comment_status":"closed","ping_status":"closed","template":"","meta":[],"_links":{"self":[{"href":"https:\/\/zso1.home.pl\/autoinstalator\/wordpress3\/index.php\/wp-json\/wp\/v2\/pages\/434"}],"collection":[{"href":"https:\/\/zso1.home.pl\/autoinstalator\/wordpress3\/index.php\/wp-json\/wp\/v2\/pages"}],"about":[{"href":"https:\/\/zso1.home.pl\/autoinstalator\/wordpress3\/index.php\/wp-json\/wp\/v2\/types\/page"}],"author":[{"embeddable":true,"href":"https:\/\/zso1.home.pl\/autoinstalator\/wordpress3\/index.php\/wp-json\/wp\/v2\/users\/1"}],"replies":[{"embeddable":true,"href":"https:\/\/zso1.home.pl\/autoinstalator\/wordpress3\/index.php\/wp-json\/wp\/v2\/comments?post=434"}],"version-history":[{"count":10,"href":"https:\/\/zso1.home.pl\/autoinstalator\/wordpress3\/index.php\/wp-json\/wp\/v2\/pages\/434\/revisions"}],"predecessor-version":[{"id":771,"href":"https:\/\/zso1.home.pl\/autoinstalator\/wordpress3\/index.php\/wp-json\/wp\/v2\/pages\/434\/revisions\/771"}],"wp:attachment":[{"href":"https:\/\/zso1.home.pl\/autoinstalator\/wordpress3\/index.php\/wp-json\/wp\/v2\/media?parent=434"}],"curies":[{"name":"wp","href":"https:\/\/api.w.org\/{rel}","templated":true}]}}