{"id":200,"date":"2022-11-24T09:17:48","date_gmt":"2022-11-24T08:17:48","guid":{"rendered":"http:\/\/zso1.home.pl\/autoinstalator\/wordpress3\/?page_id=200"},"modified":"2025-04-08T13:50:33","modified_gmt":"2025-04-08T11:50:33","slug":"przedmiotowe-zasady-oceniania-w-vlo","status":"publish","type":"page","link":"https:\/\/zso1.home.pl\/autoinstalator\/wordpress3\/index.php\/dokumenty\/przedmiotowe-zasady-oceniania-w-vlo\/","title":{"rendered":"Przedmiotowe zasady oceniania"},"content":{"rendered":"\n<p><a href=\"https:\/\/zso1.home.pl\/autoinstalator\/wordpress3\/wp-content\/uploads\/2025\/04\/pzo-angielski-lo.pdf\">j.angielski<\/a> <\/p>\n\n\n\n<p><a href=\"https:\/\/zso1.home.pl\/autoinstalator\/wordpress3\/wp-content\/uploads\/2023\/09\/pzo-fizyka-lo.pdf\">fizyka <\/a><\/p>\n\n\n\n<p><a href=\"https:\/\/zso1.home.pl\/autoinstalator\/wordpress3\/wp-content\/uploads\/2023\/09\/pzo-geografia-lo.pdf\">geografia <\/a><\/p>\n\n\n\n<p><a href=\"https:\/\/zso1.home.pl\/autoinstalator\/wordpress3\/wp-content\/uploads\/2023\/09\/pzo-hiszpanski-lo.pdf\">j.hiszpa\u0144ski <\/a><\/p>\n\n\n\n<p><a href=\"https:\/\/zso1.home.pl\/autoinstalator\/wordpress3\/wp-content\/uploads\/2023\/11\/pzo-HiT-vlo.pdf\">hit <\/a><\/p>\n\n\n\n<p><a href=\"https:\/\/zso1.home.pl\/autoinstalator\/wordpress3\/wp-content\/uploads\/2024\/09\/matematyka-VLO-zmiany_ocenianie_wersja_ostateczna.pdf\">matematyka<\/a><\/p>\n\n\n\n<p><a href=\"https:\/\/zso1.home.pl\/autoinstalator\/wordpress3\/wp-content\/uploads\/2023\/09\/pzo-niemiecki-lo.pdf\">j.niemiecki<\/a><\/p>\n\n\n\n<p><a href=\"https:\/\/zso1.home.pl\/autoinstalator\/wordpress3\/wp-content\/uploads\/2023\/11\/pzo-j.polski-vlo.pdf\">j.polski<\/a><\/p>\n\n\n\n<p><a href=\"https:\/\/zso1.home.pl\/autoinstalator\/wordpress3\/wp-content\/uploads\/2023\/09\/pzo-wf-lo.pdf\">wf<\/a><\/p>\n\n\n\n<p><a href=\"https:\/\/zso1.home.pl\/autoinstalator\/wordpress3\/wp-content\/uploads\/2023\/09\/pzo-wloski-lo-1.pdf\">j.w\u0142oski <\/a><\/p>\n\n\n\n<p><a href=\"https:\/\/zso1.home.pl\/autoinstalator\/wordpress3\/wp-content\/uploads\/2023\/11\/pzo-wos-vlo.pdf\">wos<\/a><\/p>\n\n\n\n<p><a href=\"https:\/\/zso1.home.pl\/autoinstalator\/wordpress3\/wp-content\/uploads\/2023\/05\/PZO-informatyka-kl1.pdf\">informatyka_1<\/a>, <a href=\"https:\/\/zso1.home.pl\/autoinstalator\/wordpress3\/wp-content\/uploads\/2023\/05\/PZO-informatyka-kl2.pdf\">informatyka_2<\/a>, <a href=\"https:\/\/zso1.home.pl\/autoinstalator\/wordpress3\/wp-content\/uploads\/2023\/05\/PZO-informatyka-kl3.pdf\">informatyka_3<\/a><\/p>\n\n\n\n<p><a href=\"https:\/\/zso1.home.pl\/autoinstalator\/wordpress3\/wp-content\/uploads\/2023\/11\/pzo-biologia-vlo.pdf\">biologia<\/a><\/p>\n\n\n\n<p><a href=\"https:\/\/zso1.home.pl\/autoinstalator\/wordpress3\/wp-content\/uploads\/2023\/11\/pzo-edb-vlo.pdf\">edb<\/a><\/p>\n\n\n\n<p><a href=\"https:\/\/zso1.home.pl\/autoinstalator\/wordpress3\/wp-content\/uploads\/2023\/11\/pzo-biznes-i-zarzadzanie-vlo.pdf\">biznes i zarz\u0105dzanie<\/a><\/p>\n\n\n\n<p><a href=\"https:\/\/zso1.home.pl\/autoinstalator\/wordpress3\/wp-content\/uploads\/2023\/11\/pzo-podstawy-przedsiebiorczosci-vlo.pdf\">podstawy przedsi\u0119biorczo\u015bci<\/a><\/p>\n\n\n\n<p><a href=\"https:\/\/zso1.home.pl\/autoinstalator\/wordpress3\/wp-content\/uploads\/2023\/11\/PZO-Zaj-art.-muz-VLO.pdf\">zaj\u0119cia artystyczne<\/a><\/p>\n\n\n\n<p><a href=\"https:\/\/zso1.home.pl\/autoinstalator\/wordpress3\/wp-content\/uploads\/2023\/11\/pzo-historia-vlo-poprawione.pdf\">historia<\/a><\/p>\n\n\n\n<p><a href=\"https:\/\/zso1.home.pl\/autoinstalator\/wordpress3\/wp-content\/uploads\/2024\/04\/PZO-CHEMIA-VLO-Mielec.pdf\">chemia<\/a><\/p>\n","protected":false},"excerpt":{"rendered":"<p>j.angielski fizyka geografia j.hiszpa\u0144ski hit matematyka j.niemiecki j.polski wf j.w\u0142oski wos informatyka_1, informatyka_2, informatyka_3 biologia edb biznes i zarz\u0105dzanie podstawy przedsi\u0119biorczo\u015bci zaj\u0119cia artystyczne historia chemia<\/p>\n","protected":false},"author":1,"featured_media":0,"parent":59,"menu_order":0,"comment_status":"closed","ping_status":"closed","template":"","meta":[],"_links":{"self":[{"href":"https:\/\/zso1.home.pl\/autoinstalator\/wordpress3\/index.php\/wp-json\/wp\/v2\/pages\/200"}],"collection":[{"href":"https:\/\/zso1.home.pl\/autoinstalator\/wordpress3\/index.php\/wp-json\/wp\/v2\/pages"}],"about":[{"href":"https:\/\/zso1.home.pl\/autoinstalator\/wordpress3\/index.php\/wp-json\/wp\/v2\/types\/page"}],"author":[{"embeddable":true,"href":"https:\/\/zso1.home.pl\/autoinstalator\/wordpress3\/index.php\/wp-json\/wp\/v2\/users\/1"}],"replies":[{"embeddable":true,"href":"https:\/\/zso1.home.pl\/autoinstalator\/wordpress3\/index.php\/wp-json\/wp\/v2\/comments?post=200"}],"version-history":[{"count":26,"href":"https:\/\/zso1.home.pl\/autoinstalator\/wordpress3\/index.php\/wp-json\/wp\/v2\/pages\/200\/revisions"}],"predecessor-version":[{"id":1614,"href":"https:\/\/zso1.home.pl\/autoinstalator\/wordpress3\/index.php\/wp-json\/wp\/v2\/pages\/200\/revisions\/1614"}],"up":[{"embeddable":true,"href":"https:\/\/zso1.home.pl\/autoinstalator\/wordpress3\/index.php\/wp-json\/wp\/v2\/pages\/59"}],"wp:attachment":[{"href":"https:\/\/zso1.home.pl\/autoinstalator\/wordpress3\/index.php\/wp-json\/wp\/v2\/media?parent=200"}],"curies":[{"name":"wp","href":"https:\/\/api.w.org\/{rel}","templated":true}]}}